{"id":577,"date":"2021-09-16T10:40:37","date_gmt":"2021-09-16T10:40:37","guid":{"rendered":"https:\/\/tsumanaslutrek.com\/?page_id=577"},"modified":"2022-04-16T13:29:36","modified_gmt":"2022-04-16T13:29:36","slug":"more-adventure","status":"publish","type":"page","link":"https:\/\/tsumanaslutrek.com\/de\/more-adventure\/","title":{"rendered":"Mehr Abenteuer \u2013 Mountain Biking, Skifahren, Bungy jumping"},"content":{"rendered":"<p>[et_pb_section fb_built=&#8221;1&#8243; custom_padding_last_edited=&#8221;on|tablet&#8221; admin_label=&#8221;Packages&#8221; _builder_version=&#8221;4.16&#8243; custom_padding=&#8221;110px||110px|&#8221; custom_padding_tablet=&#8221;0px||0px|&#8221; custom_padding_phone=&#8221;&#8221; global_colors_info=&#8221;{}&#8221;][et_pb_row column_structure=&#8221;1_2,1_2&#8243; _builder_version=&#8221;4.17.0&#8243; _module_preset=&#8221;default&#8221; hover_enabled=&#8221;0&#8243; global_colors_info=&#8221;{}&#8221; custom_margin_last_edited=&#8221;on|phone&#8221; custom_margin_phone=&#8221;|25px|||false|false&#8221; sticky_enabled=&#8221;0&#8243;][et_pb_column type=&#8221;1_2&#8243; _builder_version=&#8221;4.16&#8243; _module_preset=&#8221;default&#8221; global_colors_info=&#8221;{}&#8221;][et_pb_image src=&#8221;https:\/\/tsumanaslutrek.com\/wp-content\/uploads\/2022\/02\/20160413_093620.jpg&#8221; title_text=&#8221;20160413_093620&#8243; _builder_version=&#8221;4.16&#8243; _module_preset=&#8221;default&#8221; width=&#8221;93.3%&#8221; custom_margin=&#8221;|25px|-33px|||&#8221; custom_padding=&#8221;|1px||0px||&#8221; global_colors_info=&#8221;{}&#8221;][\/et_pb_image][et_pb_image src=&#8221;https:\/\/tsumanaslutrek.com\/wp-content\/uploads\/2022\/02\/DSC_1728.jpg&#8221; title_text=&#8221;DSC_1728&#8243; _builder_version=&#8221;4.17.0&#8243; _module_preset=&#8221;default&#8221; custom_margin=&#8221;|-49px||||&#8221; hover_enabled=&#8221;0&#8243; global_colors_info=&#8221;{}&#8221; sticky_enabled=&#8221;0&#8243; src_last_edited=&#8221;on|phone&#8221; custom_margin_last_edited=&#8221;on|phone&#8221; custom_margin_phone=&#8221;|22px|||false|false&#8221; src_tablet=&#8221;https:\/\/tsumanaslutrek.com\/wp-content\/uploads\/2022\/02\/DSC_1728.jpg&#8221; src_phone=&#8221;https:\/\/tsumanaslutrek.com\/wp-content\/uploads\/2022\/02\/DSC_1728.jpg&#8221; custom_margin_tablet=&#8221;|-49px||||&#8221;][\/et_pb_image][\/et_pb_column][et_pb_column type=&#8221;1_2&#8243; _builder_version=&#8221;4.16&#8243; _module_preset=&#8221;default&#8221; hover_enabled=&#8221;0&#8243; global_colors_info=&#8221;{}&#8221; sticky_enabled=&#8221;0&#8243;][\/et_pb_column][\/et_pb_row][et_pb_row custom_padding_last_edited=&#8221;on|phone&#8221; admin_label=&#8221;Packages Title&#8221; _builder_version=&#8221;4.17.0&#8243; custom_padding=&#8221;30px|0px|25px|0px||&#8221; custom_padding_tablet=&#8221;60px||0px|&#8221; custom_padding_phone=&#8221;&#8221; locked=&#8221;off&#8221; global_colors_info=&#8221;{}&#8221;][et_pb_column type=&#8221;4_4&#8243; _builder_version=&#8221;4.17.0&#8243; custom_padding=&#8221;|||&#8221; hover_enabled=&#8221;0&#8243; global_colors_info=&#8221;{}&#8221; custom_padding__hover=&#8221;|||&#8221; sticky_enabled=&#8221;0&#8243;][et_pb_text _builder_version=&#8221;4.17.0&#8243; text_font=&#8221;||||&#8221; text_text_color=&#8221;#1a1a1a&#8221; header_font=&#8221;Gentium Basic|700||on|||||&#8221; header_text_align=&#8221;center&#8221; header_font_size=&#8221;60px&#8221; header_line_height=&#8221;1.3em&#8221; module_alignment=&#8221;center&#8221; custom_margin=&#8221;|||&#8221; custom_padding=&#8221;|||&#8221; animation_style=&#8221;slide&#8221; animation_direction=&#8221;top&#8221; animation_intensity_slide=&#8221;10%&#8221; hover_enabled=&#8221;0&#8243; locked=&#8221;off&#8221; global_colors_info=&#8221;{}&#8221; sticky_enabled=&#8221;0&#8243; content_last_edited=&#8221;on|phone&#8221; content_phone=&#8221;<\/p>\n<h1>Mehr Abenteuer \u2013 Mountain Biking, Skifahren, Bungy jumping<\/h1>\n<p>&#8221; header_font_size_last_edited=&#8221;on|phone&#8221; header_font_size_phone=&#8221;55px&#8221; content_tablet=&#8221;<\/p>\n<h1>Mehr Abenteuer \u2013 Mountain Biking, Skifahren, Bungy jumping<\/h1>\n<p>&#8221; header_font_size_tablet=&#8221;60px&#8221;]<\/p>\n<h1>Mehr Abenteuer \u2013 Mountain Biking, Skifahren, Bungy jumping<\/h1>\n<p>[\/et_pb_text][et_pb_divider color=&#8221;#ed4441&#8243; divider_position=&#8221;center&#8221; divider_weight=&#8221;3px&#8221; disabled_on=&#8221;off|off|off&#8221; _builder_version=&#8221;4.16&#8243; max_width=&#8221;150px&#8221; module_alignment=&#8221;center&#8221; height=&#8221;false&#8221; custom_margin=&#8221;9px|||||&#8221; animation_style=&#8221;slide&#8221; animation_direction=&#8221;top&#8221; animation_delay=&#8221;100ms&#8221; animation_intensity_slide=&#8221;10%&#8221; locked=&#8221;off&#8221; global_colors_info=&#8221;{}&#8221;][\/et_pb_divider][\/et_pb_column][\/et_pb_row][et_pb_row admin_label=&#8221;Package&#8221; _builder_version=&#8221;4.16&#8243; background_size=&#8221;initial&#8221; background_position=&#8221;top_left&#8221; background_repeat=&#8221;repeat&#8221; custom_padding=&#8221;39px|||||&#8221; global_colors_info=&#8221;{}&#8221;][et_pb_column type=&#8221;4_4&#8243; _builder_version=&#8221;4.16&#8243; custom_padding=&#8221;|||&#8221; global_colors_info=&#8221;{}&#8221; custom_padding__hover=&#8221;|||&#8221;][et_pb_text admin_label=&#8221;Description&#8221; _builder_version=&#8221;4.16&#8243; text_font=&#8221;Gentium Basic||||||||&#8221; text_line_height=&#8221;1.8em&#8221; background_size=&#8221;initial&#8221; background_position=&#8221;top_left&#8221; background_repeat=&#8221;repeat&#8221; animation_style=&#8221;zoom&#8221; animation_direction=&#8221;left&#8221; animation_delay=&#8221;100ms&#8221; animation_intensity_zoom=&#8221;10%&#8221; global_colors_info=&#8221;{}&#8221;]<\/p>\n<p class=\" translation-block\">Wir von Tsum Manaslu Trek &amp; Expedition sind hocherfreut Ihnen mitzuteilen, dass wir eng mit professionellen Sportlern und Unternehmen zusammenarbeiten, um Mountain Bike Touren im Himalaya anbieten zu k\u00f6nnen. Vom staubigen Mustang \u00fcber das szenische Tsum und Umgebung, Sie haben die Wahl.<\/p>\n<p class=\" translation-block\">Auch Bungy-jumps sind mit uns m\u00f6glich! Wie w\u00e4re es mit einem Sprung in die Tiefe als Abschluss eines erlebnisreichen Treks in der H\u00f6he des Himalaya?<\/p>\n<p class=\" translation-block\">Neben eindringlichen Treks k\u00f6nnen haben Sie mit uns die M\u00f6glichkeit Gipfel-Exeditionen durchzuf\u00fchren. Aktuell bieten wir solche Expeditionen f\u00fcr Besteigungen des Tabsar (Tsum), des Larke (Manaslu), Mera, Lobutse und des Island Peak in der Everest Region an.<\/p>\n<p class=\" translation-block\">Je nach Saison bieten wir auch Ski-Trips an.<\/p>\n<p>[\/et_pb_text][\/et_pb_column][\/et_pb_row][\/et_pb_section]<\/p>","protected":false},"excerpt":{"rendered":"<p>More AdventureTsum Manaslu Trek &amp; Expedition is thrilled to announce that we collaborate with contemporary professional individuals and ventures to organize mountain biking trips to Himalaya, be it in the rusty Mustang or scenic Tsum and surrounding. Depending upon your choice we also provide bungy\u2013jump, cannoning after the successful completion of your trip from Himalaya. [&hellip;]<\/p>","protected":false},"author":1,"featured_media":0,"parent":0,"menu_order":0,"comment_status":"closed","ping_status":"closed","template":"","meta":{"_et_pb_use_builder":"on","_et_pb_old_content":"","_et_gb_content_width":"","om_disable_all_campaigns":false},"yoast_head":"<!-- This site is optimized with the Yoast SEO plugin v18.5.1 - https:\/\/yoast.com\/wordpress\/plugins\/seo\/ -->\n<title>More Adventure - Tsum Manaslu Trek and Expedition<\/title>\n<meta name=\"robots\" content=\"index, follow, max-snippet:-1, max-image-preview:large, max-video-preview:-1\" \/>\n<link rel=\"canonical\" href=\"https:\/\/tsumanaslutrek.com\/de\/more-adventure\/\" \/>\n<meta property=\"og:locale\" content=\"de_DE\" \/>\n<meta property=\"og:type\" content=\"article\" \/>\n<meta property=\"og:title\" content=\"More Adventure - Tsum Manaslu Trek and Expedition\" \/>\n<meta property=\"og:description\" content=\"More AdventureTsum Manaslu Trek &amp; Expedition is thrilled to announce that we collaborate with contemporary professional individuals and ventures to organize mountain biking trips to Himalaya, be it in the rusty Mustang or scenic Tsum and surrounding. Depending upon your choice we also provide bungy\u2013jump, cannoning after the successful completion of your trip from Himalaya. [&hellip;]\" \/>\n<meta property=\"og:url\" content=\"https:\/\/tsumanaslutrek.com\/de\/more-adventure\/\" \/>\n<meta property=\"og:site_name\" content=\"Tsum Manaslu Trek and Expedition\" \/>\n<meta property=\"article:publisher\" content=\"https:\/\/www.facebook.com\/people\/Tsum-Manaslu-Trek-Expedition\/100058517594794\" \/>\n<meta property=\"article:modified_time\" content=\"2022-04-16T13:29:36+00:00\" \/>\n<meta name=\"twitter:card\" content=\"summary_large_image\" \/>\n<meta name=\"twitter:label1\" content=\"Gesch\u00e4tzte Lesezeit\" \/>\n\t<meta name=\"twitter:data1\" content=\"3 Minuten\" \/>\n<script type=\"application\/ld+json\" class=\"yoast-schema-graph\">{\"@context\":\"https:\/\/schema.org\",\"@graph\":[{\"@type\":\"Organization\",\"@id\":\"https:\/\/tsumanaslutrek.com\/#organization\",\"name\":\"Tsum Manaslu Trek and Expedition Pvt. Ltd.\",\"url\":\"https:\/\/tsumanaslutrek.com\/\",\"sameAs\":[\"https:\/\/www.facebook.com\/people\/Tsum-Manaslu-Trek-Expedition\/100058517594794\",\"https:\/\/www.youtube.com\/channel\/UChotxjonVniC1_FDR9Fx4Ng\"],\"logo\":{\"@type\":\"ImageObject\",\"@id\":\"https:\/\/tsumanaslutrek.com\/#logo\",\"inLanguage\":\"de-DE\",\"url\":\"https:\/\/i0.wp.com\/tsumanaslutrek.com\/wp-content\/uploads\/2021\/04\/TSUM-logo-FINAL-horizontal.png?fit=640%2C162&ssl=1\",\"contentUrl\":\"https:\/\/i0.wp.com\/tsumanaslutrek.com\/wp-content\/uploads\/2021\/04\/TSUM-logo-FINAL-horizontal.png?fit=640%2C162&ssl=1\",\"width\":640,\"height\":162,\"caption\":\"Tsum Manaslu Trek and Expedition Pvt. Ltd.\"},\"image\":{\"@id\":\"https:\/\/tsumanaslutrek.com\/#logo\"}},{\"@type\":\"WebSite\",\"@id\":\"https:\/\/tsumanaslutrek.com\/#website\",\"url\":\"https:\/\/tsumanaslutrek.com\/\",\"name\":\"Tsum Manaslu Trek and Expedition\",\"description\":\"Trekking and Expedition Company\",\"publisher\":{\"@id\":\"https:\/\/tsumanaslutrek.com\/#organization\"},\"potentialAction\":[{\"@type\":\"SearchAction\",\"target\":{\"@type\":\"EntryPoint\",\"urlTemplate\":\"https:\/\/tsumanaslutrek.com\/?s={search_term_string}\"},\"query-input\":\"required name=search_term_string\"}],\"inLanguage\":\"de-DE\"},{\"@type\":\"WebPage\",\"@id\":\"https:\/\/tsumanaslutrek.com\/more-adventure\/#webpage\",\"url\":\"https:\/\/tsumanaslutrek.com\/more-adventure\/\",\"name\":\"More Adventure - Tsum Manaslu Trek and Expedition\",\"isPartOf\":{\"@id\":\"https:\/\/tsumanaslutrek.com\/#website\"},\"datePublished\":\"2021-09-16T10:40:37+00:00\",\"dateModified\":\"2022-04-16T13:29:36+00:00\",\"breadcrumb\":{\"@id\":\"https:\/\/tsumanaslutrek.com\/more-adventure\/#breadcrumb\"},\"inLanguage\":\"de-DE\",\"potentialAction\":[{\"@type\":\"ReadAction\",\"target\":[\"https:\/\/tsumanaslutrek.com\/more-adventure\/\"]}]},{\"@type\":\"BreadcrumbList\",\"@id\":\"https:\/\/tsumanaslutrek.com\/more-adventure\/#breadcrumb\",\"itemListElement\":[{\"@type\":\"ListItem\",\"position\":1,\"name\":\"Home\",\"item\":\"https:\/\/tsumanaslutrek.com\/\"},{\"@type\":\"ListItem\",\"position\":2,\"name\":\"More Adventure\"}]}]}<\/script>\n<!-- \/ Yoast SEO plugin. -->","yoast_head_json":{"title":"More Adventure - Tsum Manaslu Trek and Expedition","robots":{"index":"index","follow":"follow","max-snippet":"max-snippet:-1","max-image-preview":"max-image-preview:large","max-video-preview":"max-video-preview:-1"},"canonical":"https:\/\/tsumanaslutrek.com\/de\/more-adventure\/","og_locale":"de_DE","og_type":"article","og_title":"More Adventure - Tsum Manaslu Trek and Expedition","og_description":"More AdventureTsum Manaslu Trek &amp; Expedition is thrilled to announce that we collaborate with contemporary professional individuals and ventures to organize mountain biking trips to Himalaya, be it in the rusty Mustang or scenic Tsum and surrounding. Depending upon your choice we also provide bungy\u2013jump, cannoning after the successful completion of your trip from Himalaya. [&hellip;]","og_url":"https:\/\/tsumanaslutrek.com\/de\/more-adventure\/","og_site_name":"Tsum Manaslu Trek and Expedition","article_publisher":"https:\/\/www.facebook.com\/people\/Tsum-Manaslu-Trek-Expedition\/100058517594794","article_modified_time":"2022-04-16T13:29:36+00:00","twitter_card":"summary_large_image","twitter_misc":{"Gesch\u00e4tzte Lesezeit":"3 Minuten"},"schema":{"@context":"https:\/\/schema.org","@graph":[{"@type":"Organization","@id":"https:\/\/tsumanaslutrek.com\/#organization","name":"Tsum Manaslu Trek and Expedition Pvt. Ltd.","url":"https:\/\/tsumanaslutrek.com\/","sameAs":["https:\/\/www.facebook.com\/people\/Tsum-Manaslu-Trek-Expedition\/100058517594794","https:\/\/www.youtube.com\/channel\/UChotxjonVniC1_FDR9Fx4Ng"],"logo":{"@type":"ImageObject","@id":"https:\/\/tsumanaslutrek.com\/#logo","inLanguage":"de-DE","url":"https:\/\/i0.wp.com\/tsumanaslutrek.com\/wp-content\/uploads\/2021\/04\/TSUM-logo-FINAL-horizontal.png?fit=640%2C162&ssl=1","contentUrl":"https:\/\/i0.wp.com\/tsumanaslutrek.com\/wp-content\/uploads\/2021\/04\/TSUM-logo-FINAL-horizontal.png?fit=640%2C162&ssl=1","width":640,"height":162,"caption":"Tsum Manaslu Trek and Expedition Pvt. Ltd."},"image":{"@id":"https:\/\/tsumanaslutrek.com\/#logo"}},{"@type":"WebSite","@id":"https:\/\/tsumanaslutrek.com\/#website","url":"https:\/\/tsumanaslutrek.com\/","name":"Tsum Manaslu Trek and Expedition","description":"Trekking and Expedition Company","publisher":{"@id":"https:\/\/tsumanaslutrek.com\/#organization"},"potentialAction":[{"@type":"SearchAction","target":{"@type":"EntryPoint","urlTemplate":"https:\/\/tsumanaslutrek.com\/?s={search_term_string}"},"query-input":"required name=search_term_string"}],"inLanguage":"de-DE"},{"@type":"WebPage","@id":"https:\/\/tsumanaslutrek.com\/more-adventure\/#webpage","url":"https:\/\/tsumanaslutrek.com\/more-adventure\/","name":"More Adventure - Tsum Manaslu Trek and Expedition","isPartOf":{"@id":"https:\/\/tsumanaslutrek.com\/#website"},"datePublished":"2021-09-16T10:40:37+00:00","dateModified":"2022-04-16T13:29:36+00:00","breadcrumb":{"@id":"https:\/\/tsumanaslutrek.com\/more-adventure\/#breadcrumb"},"inLanguage":"de-DE","potentialAction":[{"@type":"ReadAction","target":["https:\/\/tsumanaslutrek.com\/more-adventure\/"]}]},{"@type":"BreadcrumbList","@id":"https:\/\/tsumanaslutrek.com\/more-adventure\/#breadcrumb","itemListElement":[{"@type":"ListItem","position":1,"name":"Home","item":"https:\/\/tsumanaslutrek.com\/"},{"@type":"ListItem","position":2,"name":"More Adventure"}]}]}},"_links":{"self":[{"href":"https:\/\/tsumanaslutrek.com\/de\/wp-json\/wp\/v2\/pages\/577"}],"collection":[{"href":"https:\/\/tsumanaslutrek.com\/de\/wp-json\/wp\/v2\/pages"}],"about":[{"href":"https:\/\/tsumanaslutrek.com\/de\/wp-json\/wp\/v2\/types\/page"}],"author":[{"embeddable":true,"href":"https:\/\/tsumanaslutrek.com\/de\/wp-json\/wp\/v2\/users\/1"}],"replies":[{"embeddable":true,"href":"https:\/\/tsumanaslutrek.com\/de\/wp-json\/wp\/v2\/comments?post=577"}],"version-history":[{"count":11,"href":"https:\/\/tsumanaslutrek.com\/de\/wp-json\/wp\/v2\/pages\/577\/revisions"}],"predecessor-version":[{"id":7082,"href":"https:\/\/tsumanaslutrek.com\/de\/wp-json\/wp\/v2\/pages\/577\/revisions\/7082"}],"wp:attachment":[{"href":"https:\/\/tsumanaslutrek.com\/de\/wp-json\/wp\/v2\/media?parent=577"}],"curies":[{"name":"wp","href":"https:\/\/api.w.org\/{rel}","templated":true}]}}